{"id":3503,"date":"2025-01-09T00:26:43","date_gmt":"2025-01-08T23:26:43","guid":{"rendered":"https:\/\/swimming.auksys.com\/?page_id=3503"},"modified":"2025-01-09T00:48:35","modified_gmt":"2025-01-08T23:48:35","slug":"o-nas","status":"publish","type":"page","link":"https:\/\/swimming.auksys.com\/index.php\/o-nas\/","title":{"rendered":"O n\u00e1s"},"content":{"rendered":"\t\t<div data-elementor-type=\"wp-page\" data-elementor-id=\"3503\" class=\"elementor elementor-3503\" data-elementor-post-type=\"page\">\n\t\t\t\t<div class=\"elementor-element elementor-element-837e7a1 e-flex e-con-boxed e-con e-parent\" data-id=\"837e7a1\" data-element_type=\"container\">\n\t\t\t\t\t<div class=\"e-con-inner\">\n\t\t\t\t<div class=\"elementor-element elementor-element-1e63a8c elementor-widget elementor-widget-text-editor\" data-id=\"1e63a8c\" data-element_type=\"widget\" data-widget_type=\"text-editor.default\">\n\t\t\t\t<div class=\"elementor-widget-container\">\n\t\t\t\t\t\t\t<p><strong>P\u0159ipravujeme pro V\u00e1s str\u00e1nku, na kter\u00e9 v\u00edce p\u0159edstav\u00edme na\u0161i spole\u010dnost i se v\u0161emi na\u0161imi produkty, kter\u00e9 jsou zam\u011b\u0159en\u00e9 na jin\u00e9 obory podnik\u00e1n\u00ed. Pros\u00edme o strpen\u00ed.<\/strong><\/p>\t\t\t\t\t\t<\/div>\n\t\t\t\t<\/div>\n\t\t\t\t\t<\/div>\n\t\t\t\t<\/div>\n\t\t<div class=\"elementor-element elementor-element-300b794 e-flex e-con-boxed e-con e-parent\" data-id=\"300b794\" data-element_type=\"container\">\n\t\t\t\t\t<div class=\"e-con-inner\">\n\t\t<div class=\"elementor-element elementor-element-bcd69e0 e-con-full e-flex e-con e-child\" data-id=\"bcd69e0\" data-element_type=\"container\">\n\t\t\t\t<div class=\"elementor-element elementor-element-028ae32 elementor-widget elementor-widget-image\" data-id=\"028ae32\" data-element_type=\"widget\" data-widget_type=\"image.default\">\n\t\t\t\t<div class=\"elementor-widget-container\">\n\t\t\t\t\t\t\t\t\t\t\t\t\t<img fetchpriority=\"high\" decoding=\"async\" width=\"244\" height=\"382\" src=\"https:\/\/swimming.auksys.com\/wp-content\/uploads\/2025\/01\/tenis.jpg\" class=\"attachment-large size-large wp-image-3506\" alt=\"\" srcset=\"https:\/\/swimming.auksys.com\/wp-content\/uploads\/2025\/01\/tenis.jpg 244w, https:\/\/swimming.auksys.com\/wp-content\/uploads\/2025\/01\/tenis-192x300.jpg 192w\" sizes=\"(max-width: 244px) 100vw, 244px\" \/>\t\t\t\t\t\t\t\t\t\t\t\t\t<\/div>\n\t\t\t\t<\/div>\n\t\t\t\t<\/div>\n\t\t<div class=\"elementor-element elementor-element-979f923 e-con-full e-flex e-con e-child\" data-id=\"979f923\" data-element_type=\"container\">\n\t\t\t\t<div class=\"elementor-element elementor-element-2ae7339 elementor-widget elementor-widget-image\" data-id=\"2ae7339\" data-element_type=\"widget\" data-widget_type=\"image.default\">\n\t\t\t\t<div class=\"elementor-widget-container\">\n\t\t\t\t\t\t\t\t\t\t\t\t\t<img decoding=\"async\" width=\"244\" height=\"382\" src=\"https:\/\/swimming.auksys.com\/wp-content\/uploads\/2025\/01\/jezdecka-centra.jpg\" class=\"attachment-large size-large wp-image-3507\" alt=\"\" srcset=\"https:\/\/swimming.auksys.com\/wp-content\/uploads\/2025\/01\/jezdecka-centra.jpg 244w, https:\/\/swimming.auksys.com\/wp-content\/uploads\/2025\/01\/jezdecka-centra-192x300.jpg 192w\" sizes=\"(max-width: 244px) 100vw, 244px\" \/>\t\t\t\t\t\t\t\t\t\t\t\t\t<\/div>\n\t\t\t\t<\/div>\n\t\t\t\t<\/div>\n\t\t<div class=\"elementor-element elementor-element-37eba63 e-con-full e-flex e-con e-child\" data-id=\"37eba63\" data-element_type=\"container\">\n\t\t\t\t<div class=\"elementor-element elementor-element-d73763b elementor-widget elementor-widget-image\" data-id=\"d73763b\" data-element_type=\"widget\" data-widget_type=\"image.default\">\n\t\t\t\t<div class=\"elementor-widget-container\">\n\t\t\t\t\t\t\t\t\t\t\t\t\t<img decoding=\"async\" width=\"244\" height=\"386\" src=\"https:\/\/swimming.auksys.com\/wp-content\/uploads\/2025\/01\/expedice.jpg\" class=\"attachment-large size-large wp-image-3508\" alt=\"\" srcset=\"https:\/\/swimming.auksys.com\/wp-content\/uploads\/2025\/01\/expedice.jpg 244w, https:\/\/swimming.auksys.com\/wp-content\/uploads\/2025\/01\/expedice-190x300.jpg 190w\" sizes=\"(max-width: 244px) 100vw, 244px\" \/>\t\t\t\t\t\t\t\t\t\t\t\t\t<\/div>\n\t\t\t\t<\/div>\n\t\t\t\t<\/div>\n\t\t<div class=\"elementor-element elementor-element-814ed24 e-con-full e-flex e-con e-child\" data-id=\"814ed24\" data-element_type=\"container\">\n\t\t\t\t<div class=\"elementor-element elementor-element-24e6f40 elementor-widget elementor-widget-image\" data-id=\"24e6f40\" data-element_type=\"widget\" data-widget_type=\"image.default\">\n\t\t\t\t<div class=\"elementor-widget-container\">\n\t\t\t\t\t\t\t\t\t\t\t\t\t<img loading=\"lazy\" decoding=\"async\" width=\"244\" height=\"386\" src=\"https:\/\/swimming.auksys.com\/wp-content\/uploads\/2025\/01\/detske-cviceni.jpg\" class=\"attachment-large size-large wp-image-3512\" alt=\"\" srcset=\"https:\/\/swimming.auksys.com\/wp-content\/uploads\/2025\/01\/detske-cviceni.jpg 244w, https:\/\/swimming.auksys.com\/wp-content\/uploads\/2025\/01\/detske-cviceni-190x300.jpg 190w\" sizes=\"(max-width: 244px) 100vw, 244px\" \/>\t\t\t\t\t\t\t\t\t\t\t\t\t<\/div>\n\t\t\t\t<\/div>\n\t\t\t\t<\/div>\n\t\t<div class=\"elementor-element elementor-element-d3507ec e-con-full e-flex e-con e-child\" data-id=\"d3507ec\" data-element_type=\"container\">\n\t\t\t\t<div class=\"elementor-element elementor-element-269e2b7 elementor-widget elementor-widget-image\" data-id=\"269e2b7\" data-element_type=\"widget\" data-widget_type=\"image.default\">\n\t\t\t\t<div class=\"elementor-widget-container\">\n\t\t\t\t\t\t\t\t\t\t\t\t\t<img loading=\"lazy\" decoding=\"async\" width=\"244\" height=\"386\" src=\"https:\/\/swimming.auksys.com\/wp-content\/uploads\/2025\/01\/hudebni-skoly.jpg\" class=\"attachment-large size-large wp-image-3510\" alt=\"\" srcset=\"https:\/\/swimming.auksys.com\/wp-content\/uploads\/2025\/01\/hudebni-skoly.jpg 244w, https:\/\/swimming.auksys.com\/wp-content\/uploads\/2025\/01\/hudebni-skoly-190x300.jpg 190w\" sizes=\"(max-width: 244px) 100vw, 244px\" \/>\t\t\t\t\t\t\t\t\t\t\t\t\t<\/div>\n\t\t\t\t<\/div>\n\t\t\t\t<\/div>\n\t\t<div class=\"elementor-element elementor-element-fab4815 e-con-full e-flex e-con e-child\" data-id=\"fab4815\" data-element_type=\"container\">\n\t\t\t\t<div class=\"elementor-element elementor-element-168ffa1 elementor-widget elementor-widget-image\" data-id=\"168ffa1\" data-element_type=\"widget\" data-widget_type=\"image.default\">\n\t\t\t\t<div class=\"elementor-widget-container\">\n\t\t\t\t\t\t\t\t\t\t\t\t\t<img loading=\"lazy\" decoding=\"async\" width=\"244\" height=\"386\" src=\"https:\/\/swimming.auksys.com\/wp-content\/uploads\/2025\/01\/jazykove-skoly.jpg\" class=\"attachment-large size-large wp-image-3511\" alt=\"\" srcset=\"https:\/\/swimming.auksys.com\/wp-content\/uploads\/2025\/01\/jazykove-skoly.jpg 244w, https:\/\/swimming.auksys.com\/wp-content\/uploads\/2025\/01\/jazykove-skoly-190x300.jpg 190w\" sizes=\"(max-width: 244px) 100vw, 244px\" \/>\t\t\t\t\t\t\t\t\t\t\t\t\t<\/div>\n\t\t\t\t<\/div>\n\t\t\t\t<\/div>\n\t\t\t\t\t<\/div>\n\t\t\t\t<\/div>\n\t\t\t\t<\/div>\n\t\t","protected":false},"excerpt":{"rendered":"<p>P\u0159ipravujeme pro V\u00e1s str\u00e1nku, na kter\u00e9 v\u00edce p\u0159edstav\u00edme na\u0161i spole\u010dnost i se v\u0161emi na\u0161imi produkty, kter\u00e9 jsou zam\u011b\u0159en\u00e9 na jin\u00e9 obory podnik\u00e1n\u00ed. Pros\u00edme o strpen\u00ed.<\/p>\n","protected":false},"author":6,"featured_media":0,"parent":0,"menu_order":0,"comment_status":"closed","ping_status":"closed","template":"","meta":{"_acf_changed":false,"footnotes":""},"class_list":["post-3503","page","type-page","status-publish","hentry"],"acf":[],"_links":{"self":[{"href":"https:\/\/swimming.auksys.com\/index.php\/wp-json\/wp\/v2\/pages\/3503","targetHints":{"allow":["GET"]}}],"collection":[{"href":"https:\/\/swimming.auksys.com\/index.php\/wp-json\/wp\/v2\/pages"}],"about":[{"href":"https:\/\/swimming.auksys.com\/index.php\/wp-json\/wp\/v2\/types\/page"}],"author":[{"embeddable":true,"href":"https:\/\/swimming.auksys.com\/index.php\/wp-json\/wp\/v2\/users\/6"}],"replies":[{"embeddable":true,"href":"https:\/\/swimming.auksys.com\/index.php\/wp-json\/wp\/v2\/comments?post=3503"}],"version-history":[{"count":9,"href":"https:\/\/swimming.auksys.com\/index.php\/wp-json\/wp\/v2\/pages\/3503\/revisions"}],"predecessor-version":[{"id":3521,"href":"https:\/\/swimming.auksys.com\/index.php\/wp-json\/wp\/v2\/pages\/3503\/revisions\/3521"}],"wp:attachment":[{"href":"https:\/\/swimming.auksys.com\/index.php\/wp-json\/wp\/v2\/media?parent=3503"}],"curies":[{"name":"wp","href":"https:\/\/api.w.org\/{rel}","templated":true}]}}